{"id":219,"date":"2017-05-06T10:45:28","date_gmt":"2017-05-06T10:45:28","guid":{"rendered":"http:\/\/ruralcomodoro.com\/wp\/?page_id=219"},"modified":"2020-03-30T20:12:56","modified_gmt":"2020-03-30T20:12:56","slug":"revista-patagonica-agropecuaria","status":"publish","type":"page","link":"http:\/\/ruralcomodoro.com\/wp\/revista-patagonica-agropecuaria\/","title":{"rendered":"REVISTA PATAGONICA AGROPECUARIA"},"content":{"rendered":"<div id=\"pl-219\"  class=\"panel-layout\" ><div id=\"pg-219-0\"  class=\"panel-grid panel-no-style\" ><div id=\"pgc-219-0-0\"  class=\"panel-grid-cell\" ><div id=\"panel-219-0-0-0\" class=\"so-panel widget widget_headline-widget panel-first-child\" data-index=\"0\" >\t\t<h1>REVISTA PATAGONICA AGROPECUARIA<\/h1>\n\t\t<div class=\"decoration\"><div class=\"decoration-inside\"><\/div><\/div>\n\t\t<h3>Junto al hombre de campo patag\u00f3nico.<\/h3>\n\t\t<\/div><div id=\"panel-219-0-0-1\" class=\"so-panel widget widget_sow-editor\" data-index=\"1\" ><div class=\"so-widget-sow-editor so-widget-sow-editor-base\"><h3 class=\"widget-title\"> <\/h3>\n<div class=\"siteorigin-widget-tinymce textwidget\">\n\t<p>Ediciones de la Revista Patagonia Agropecuaria, editada por la Sociedad Rural de Comodoro Rivadavia, acompa\u00f1ando al hombre de campo todos los a\u00f1os con informaci\u00f3n gremial, del sector y producci\u00f3n agropecuaria. Haciendo click en la imagen, acceda a la lectura de cada secci\u00f3n.<\/p>\n<\/div>\n<\/div><\/div><div id=\"panel-219-0-0-2\" class=\"so-panel widget widget_sow-editor panel-last-child\" data-index=\"2\" ><div class=\"so-widget-sow-editor so-widget-sow-editor-base\">\n<div class=\"siteorigin-widget-tinymce textwidget\">\n\t\n\t\t<style type=\"text\/css\">\n\t\t\t#gallery-2 {\n\t\t\t\tmargin: auto;\n\t\t\t}\n\t\t\t#gallery-2 .gallery-item {\n\t\t\t\tfloat: left;\n\t\t\t\tmargin-top: 10px;\n\t\t\t\ttext-align: center;\n\t\t\t\twidth: 25%;\n\t\t\t}\n\t\t\t#gallery-2 img {\n\t\t\t\tborder: 2px solid #cfcfcf;\n\t\t\t}\n\t\t\t#gallery-2 .gallery-caption {\n\t\t\t\tmargin-left: 0;\n\t\t\t}\n\t\t\t\/* see gallery_shortcode() in wp-includes\/media.php *\/\n\t\t<\/style>\n\t\t<div id='gallery-2' class='gallery galleryid-219 gallery-columns-4 gallery-size-thumbnail'><dl class='gallery-item'>\n\t\t\t<dt class='gallery-icon portrait'>\n\t\t\t\t<a href=\"https:\/\/issuu.com\/caroquinzio\/docs\/revista_patagonia_agropecuaria_85__2_\" class=\"no-lightbox\"><img width=\"150\" height=\"150\" src=\"http:\/\/ruralcomodoro.com\/wp\/wp-content\/uploads\/2017\/05\/tapa-2-150x150.jpg\" class=\"attachment-thumbnail size-thumbnail\" alt=\"\" loading=\"lazy\" aria-describedby=\"gallery-2-657\" \/><\/a>\n\t\t\t<\/dt>\n\t\t\t\t<dd class='wp-caption-text gallery-caption' id='gallery-2-657'>\n\t\t\t\tREVISTA PATAGONIA AGROPECUARIA  N 85\n\t\t\t\t<\/dd><\/dl><dl class='gallery-item'>\n\t\t\t<dt class='gallery-icon portrait'>\n\t\t\t\t<a href=\"https:\/\/issuu.com\/home\/published\/revista_patagonia_agropecuaria_84__1_\" class=\"no-lightbox\"><img width=\"150\" height=\"150\" src=\"http:\/\/ruralcomodoro.com\/wp\/wp-content\/uploads\/2017\/05\/tapa-1-150x150.jpg\" class=\"attachment-thumbnail size-thumbnail\" alt=\"\" loading=\"lazy\" aria-describedby=\"gallery-2-656\" \/><\/a>\n\t\t\t<\/dt>\n\t\t\t\t<dd class='wp-caption-text gallery-caption' id='gallery-2-656'>\n\t\t\t\tREVISTA PATAGONIA AGROPECUARIA  N 84\n\t\t\t\t<\/dd><\/dl><dl class='gallery-item'>\n\t\t\t<dt class='gallery-icon portrait'>\n\t\t\t\t<a href=\"https:\/\/issuu.com\/caroquinzio\/docs\/revista_patagonia_agropecuaria_83___01674fb39cb8bd\" class=\"no-lightbox\"><img width=\"150\" height=\"150\" src=\"http:\/\/ruralcomodoro.com\/wp\/wp-content\/uploads\/2017\/05\/tapa-150x150.jpg\" class=\"attachment-thumbnail size-thumbnail\" alt=\"\" loading=\"lazy\" aria-describedby=\"gallery-2-647\" \/><\/a>\n\t\t\t<\/dt>\n\t\t\t\t<dd class='wp-caption-text gallery-caption' id='gallery-2-647'>\n\t\t\t\tREVISTA PATAGONIA AGROPECUARIA  N 83\n\t\t\t\t<\/dd><\/dl><dl class='gallery-item'>\n\t\t\t<dt class='gallery-icon portrait'>\n\t\t\t\t<a href=\"https:\/\/issuu.com\/caroquinzio\/docs\/revista_patagonia_agropecuaria_82___32946802321f8d\" class=\"no-lightbox\"><img width=\"150\" height=\"150\" src=\"http:\/\/ruralcomodoro.com\/wp\/wp-content\/uploads\/2017\/05\/Tapa-PA82-587x800-150x150.jpg\" class=\"attachment-thumbnail size-thumbnail\" alt=\"\" loading=\"lazy\" aria-describedby=\"gallery-2-643\" \/><\/a>\n\t\t\t<\/dt>\n\t\t\t\t<dd class='wp-caption-text gallery-caption' id='gallery-2-643'>\n\t\t\t\tREVISTA PATAGONIA AGROPECIARIA EDICI\u00d3N 82\n\t\t\t\t<\/dd><\/dl><br style=\"clear: both\" \/><dl class='gallery-item'>\n\t\t\t<dt class='gallery-icon portrait'>\n\t\t\t\t<a href=\"https:\/\/issuu.com\/caroquinzio\/docs\/patagonia_agropecuaria_81_web\" class=\"no-lightbox\"><img width=\"150\" height=\"150\" src=\"http:\/\/ruralcomodoro.com\/wp\/wp-content\/uploads\/2017\/05\/PATAGONIA_AGROPECUARIA_81_web-1-150x150.jpg\" class=\"attachment-thumbnail size-thumbnail\" alt=\"\" loading=\"lazy\" aria-describedby=\"gallery-2-639\" \/><\/a>\n\t\t\t<\/dt>\n\t\t\t\t<dd class='wp-caption-text gallery-caption' id='gallery-2-639'>\n\t\t\t\tREVISTA PATAGONIA AGROPECUARIA  EDICI\u00d3N 81\n\t\t\t\t<\/dd><\/dl><dl class='gallery-item'>\n\t\t\t<dt class='gallery-icon portrait'>\n\t\t\t\t<a href=\"https:\/\/issuu.com\/caroquinzio\/docs\/revista_patagonia_agropecuaria_80.1\" class=\"no-lightbox\"><img width=\"150\" height=\"150\" src=\"http:\/\/ruralcomodoro.com\/wp\/wp-content\/uploads\/2017\/05\/Tapa-PA-01-1-587x800-150x150.jpg\" class=\"attachment-thumbnail size-thumbnail\" alt=\"\" loading=\"lazy\" aria-describedby=\"gallery-2-633\" \/><\/a>\n\t\t\t<\/dt>\n\t\t\t\t<dd class='wp-caption-text gallery-caption' id='gallery-2-633'>\n\t\t\t\tREVISTA PATAGONIA AGROPECUARIA EDICI\u00d3N  80\n\t\t\t\t<\/dd><\/dl><dl class='gallery-item'>\n\t\t\t<dt class='gallery-icon portrait'>\n\t\t\t\t<a href=\"https:\/\/issuu.com\/caroquinzio\/docs\/revista_patagonia_agropecuaria_79\" class=\"no-lightbox\"><img width=\"150\" height=\"150\" src=\"http:\/\/ruralcomodoro.com\/wp\/wp-content\/uploads\/2017\/05\/REVISTA-PATAGONIA-AGROPECUARIA-79-curvas-vista-previa-1-150x150.jpg\" class=\"attachment-thumbnail size-thumbnail\" alt=\"\" loading=\"lazy\" aria-describedby=\"gallery-2-447\" \/><\/a>\n\t\t\t<\/dt>\n\t\t\t\t<dd class='wp-caption-text gallery-caption' id='gallery-2-447'>\n\t\t\t\tREVISTA PATAGONIA AGROPECUARIA EDICI\u00d3N 79\n\t\t\t\t<\/dd><\/dl><dl class='gallery-item'>\n\t\t\t<dt class='gallery-icon portrait'>\n\t\t\t\t<a href=\"https:\/\/issuu.com\/caroquinzio\/docs\/revista_patagonia_agropecuaria_n2\" class=\"no-lightbox\"><img width=\"150\" height=\"150\" src=\"http:\/\/ruralcomodoro.com\/wp\/wp-content\/uploads\/2017\/05\/tapa-01-150x150.jpg\" class=\"attachment-thumbnail size-thumbnail\" alt=\"\" loading=\"lazy\" aria-describedby=\"gallery-2-446\" \/><\/a>\n\t\t\t<\/dt>\n\t\t\t\t<dd class='wp-caption-text gallery-caption' id='gallery-2-446'>\n\t\t\t\tREVISTA PATAGONIA AGROPECUARIA EDICI\u00d3N 78\n\t\t\t\t<\/dd><\/dl><br style=\"clear: both\" \/>\n\t\t<\/div>\n\n<\/div>\n<\/div><\/div><\/div><\/div><\/div>","protected":false},"excerpt":{"rendered":"<p>Ediciones de la Revista Patagonia Agropecuaria, editada por la Sociedad Rural de Comodoro Rivadavia, acompa\u00f1ando al hombre de campo todos los a\u00f1os con informaci\u00f3n gremial, del sector y producci\u00f3n agropecuaria. Haciendo click en la imagen, acceda a la lectura de cada secci\u00f3n.<\/p>\n","protected":false},"author":1,"featured_media":0,"parent":0,"menu_order":0,"comment_status":"closed","ping_status":"closed","template":"","meta":{"_eb_attr":""},"_links":{"self":[{"href":"http:\/\/ruralcomodoro.com\/wp\/wp-json\/wp\/v2\/pages\/219"}],"collection":[{"href":"http:\/\/ruralcomodoro.com\/wp\/wp-json\/wp\/v2\/pages"}],"about":[{"href":"http:\/\/ruralcomodoro.com\/wp\/wp-json\/wp\/v2\/types\/page"}],"author":[{"embeddable":true,"href":"http:\/\/ruralcomodoro.com\/wp\/wp-json\/wp\/v2\/users\/1"}],"replies":[{"embeddable":true,"href":"http:\/\/ruralcomodoro.com\/wp\/wp-json\/wp\/v2\/comments?post=219"}],"version-history":[{"count":36,"href":"http:\/\/ruralcomodoro.com\/wp\/wp-json\/wp\/v2\/pages\/219\/revisions"}],"predecessor-version":[{"id":659,"href":"http:\/\/ruralcomodoro.com\/wp\/wp-json\/wp\/v2\/pages\/219\/revisions\/659"}],"wp:attachment":[{"href":"http:\/\/ruralcomodoro.com\/wp\/wp-json\/wp\/v2\/media?parent=219"}],"curies":[{"name":"wp","href":"https:\/\/api.w.org\/{rel}","templated":true}]}}